{"id":39,"date":"2015-02-01T20:05:54","date_gmt":"2015-02-01T20:05:54","guid":{"rendered":"http:\/\/www.christinapg.dk\/?page_id=39"},"modified":"2024-12-26T18:02:46","modified_gmt":"2024-12-26T18:02:46","slug":"sang-til-saerlige-lejligheder","status":"publish","type":"page","link":"https:\/\/christinapg.dk\/","title":{"rendered":"Sang til s\u00e6rlige lejligheder"},"content":{"rendered":"<p>\u00d8nsker du at sige noget med en sang, eller vil du gerne have et musikalsk indslag til en s\u00e6rlig lejlighed?<\/p>\n<p>Jeg synger lige det, du \u00f8nsker dig &#8211; b\u00e5de med eller uden\u00a0akkompagnement. Det kan v\u00e6re, at vielsen skal v\u00e6re ekstra h\u00f8jtidelig med en sang, eller at talen skal l\u00f8ftes med et ekstra indslag. Sangen kan ogs\u00e5 st\u00e5 i stedet for talen eller bare v\u00e6re en ekstra del af underholdningen.<\/p>\n<p>Jeg hj\u00e6lper gerne med at v\u00e6lge lige netop den sang, der g\u00f8r jeres dag helt speciel.<\/p>\n<p><a href=\"https:\/\/www.facebook.com\/pages\/Christina-Braad-Perret-Gentil\/1539250533006016\"><img loading=\"lazy\" decoding=\"async\" class=\"alignnone wp-image-49 \" src=\"http:\/\/christinapg.dk\/wp-content\/uploads\/Facebook-150x150.png\" alt=\"Facebook\" width=\"31\" height=\"31\" \/><\/a><\/p>\n","protected":false},"excerpt":{"rendered":"<p>\u00d8nsker du at sige noget med en sang, eller vil du gerne have et musikalsk indslag til en s\u00e6rlig lejlighed? Jeg synger lige det, du \u00f8nsker dig &#8211; b\u00e5de med eller uden\u00a0akkompagnement. Det kan v\u00e6re, at vielsen skal v\u00e6re ekstra &hellip; <a href=\"https:\/\/christinapg.dk\/\">Continue reading <span class=\"meta-nav\">&rarr;<\/span><\/a><\/p>\n","protected":false},"author":1,"featured_media":13,"parent":0,"menu_order":0,"comment_status":"closed","ping_status":"closed","template":"","meta":{"footnotes":""},"class_list":["post-39","page","type-page","status-publish","has-post-thumbnail","hentry"],"_links":{"self":[{"href":"https:\/\/christinapg.dk\/index.php?rest_route=\/wp\/v2\/pages\/39","targetHints":{"allow":["GET"]}}],"collection":[{"href":"https:\/\/christinapg.dk\/index.php?rest_route=\/wp\/v2\/pages"}],"about":[{"href":"https:\/\/christinapg.dk\/index.php?rest_route=\/wp\/v2\/types\/page"}],"author":[{"embeddable":true,"href":"https:\/\/christinapg.dk\/index.php?rest_route=\/wp\/v2\/users\/1"}],"replies":[{"embeddable":true,"href":"https:\/\/christinapg.dk\/index.php?rest_route=%2Fwp%2Fv2%2Fcomments&post=39"}],"version-history":[{"count":1,"href":"https:\/\/christinapg.dk\/index.php?rest_route=\/wp\/v2\/pages\/39\/revisions"}],"predecessor-version":[{"id":91,"href":"https:\/\/christinapg.dk\/index.php?rest_route=\/wp\/v2\/pages\/39\/revisions\/91"}],"wp:featuredmedia":[{"embeddable":true,"href":"https:\/\/christinapg.dk\/index.php?rest_route=\/wp\/v2\/media\/13"}],"wp:attachment":[{"href":"https:\/\/christinapg.dk\/index.php?rest_route=%2Fwp%2Fv2%2Fmedia&parent=39"}],"curies":[{"name":"wp","href":"https:\/\/api.w.org\/{rel}","templated":true}]}}