{"id":41,"date":"2015-02-01T20:08:17","date_gmt":"2015-02-01T20:08:17","guid":{"rendered":"http:\/\/www.christinapg.dk\/?page_id=41"},"modified":"2024-12-26T18:12:21","modified_gmt":"2024-12-26T18:12:21","slug":"kontakt","status":"publish","type":"page","link":"https:\/\/christinapg.dk\/?page_id=41","title":{"rendered":"Kontakt"},"content":{"rendered":"<p>Jeg kan kontaktes p\u00e5 telefon 60210708 eller mail@christinapg.dk. Ring eller skriv &#8211; jeg gl\u00e6der mig til at h\u00f8re fra dig!<\/p>\n","protected":false},"excerpt":{"rendered":"<p>Jeg kan kontaktes p\u00e5 telefon 60210708 eller mail@christinapg.dk. Ring eller skriv &#8211; jeg gl\u00e6der mig til at h\u00f8re fra dig!<\/p>\n","protected":false},"author":1,"featured_media":0,"parent":0,"menu_order":0,"comment_status":"closed","ping_status":"closed","template":"","meta":{"footnotes":""},"class_list":["post-41","page","type-page","status-publish","hentry"],"_links":{"self":[{"href":"https:\/\/christinapg.dk\/index.php?rest_route=\/wp\/v2\/pages\/41","targetHints":{"allow":["GET"]}}],"collection":[{"href":"https:\/\/christinapg.dk\/index.php?rest_route=\/wp\/v2\/pages"}],"about":[{"href":"https:\/\/christinapg.dk\/index.php?rest_route=\/wp\/v2\/types\/page"}],"author":[{"embeddable":true,"href":"https:\/\/christinapg.dk\/index.php?rest_route=\/wp\/v2\/users\/1"}],"replies":[{"embeddable":true,"href":"https:\/\/christinapg.dk\/index.php?rest_route=%2Fwp%2Fv2%2Fcomments&post=41"}],"version-history":[{"count":1,"href":"https:\/\/christinapg.dk\/index.php?rest_route=\/wp\/v2\/pages\/41\/revisions"}],"predecessor-version":[{"id":96,"href":"https:\/\/christinapg.dk\/index.php?rest_route=\/wp\/v2\/pages\/41\/revisions\/96"}],"wp:attachment":[{"href":"https:\/\/christinapg.dk\/index.php?rest_route=%2Fwp%2Fv2%2Fmedia&parent=41"}],"curies":[{"name":"wp","href":"https:\/\/api.w.org\/{rel}","templated":true}]}}