{"id":53,"date":"2015-02-02T13:02:29","date_gmt":"2015-02-02T13:02:29","guid":{"rendered":"http:\/\/www.christinapg.dk\/?page_id=53"},"modified":"2015-02-02T13:02:29","modified_gmt":"2015-02-02T13:02:29","slug":"sagt-om-mig","status":"publish","type":"page","link":"https:\/\/christinapg.dk\/?page_id=53","title":{"rendered":"Sagt om mig"},"content":{"rendered":"<p><span data-ft=\"{&quot;tn&quot;:&quot;K&quot;}\" data-reactid=\".8t.1:3:1:$comment10152982303990266_10152983098630266:0.0.$right.0.$left.0.0.1:$comment-body\"><span class=\"UFICommentBody\" data-reactid=\".8t.1:3:1:$comment10152982303990266_10152983098630266:0.0.$right.0.$left.0.0.1:$comment-body.0\"><strong>Tanja Toft Haarup:<\/strong><em>\u00a0<\/em><\/span><\/span><em><span data-reactid=\".8t.1:3:1:$comment10152982303990266_10152983098630266:0.0.$right.0.$left.0.0.1:$comment-body.0.$end:0:$2:0\">Din<\/span><span data-reactid=\".8t.1:3:1:$comment10152982303990266_10152983098630266:0.0.$right.0.$left.0.0.1:$comment-body.0.$end:0:$2:0\"><em> sang g\u00e5r lige i hjertet! I kirken, til Hanne og Mads&#8217; bryllup, var det sv\u00e6rt ikke at blive r\u00f8rt af din smukke sang. \u00a0 <\/em><\/span><\/em><\/p>\n<p><strong>Camilla Beck Nielsen:\u00a0<\/strong><em>Din\u00a0<\/em><em>sang til vores bryllup var uforglemmelig og smuk. Jeg bliver stadig varm indeni, n\u00e5r jeg h\u00f8rer sangen i radioen, og den vil altid minde mig om en af de bedste dage i mit liv.<\/em><\/p>\n<p><strong>Pia Alstrup:\u00a0<\/strong><em>Jeg synes, du synger helt fantastisk og blev virkelig r\u00f8rt. Bare det, at jeg kan huske det hele 20 \u00e5r efter taler n\u00e6sten for sig selv.<\/em><\/p>\n<p><strong>Marianne Sch\u00f8ler M\u00f8ller:\u00a0<\/strong><em>Din sang til vores bryllup var et af aftenens h\u00f8jdepunkter. Det var smukt og inderligt, og din stemme lyste hele rummet op. Tak for det dejlige minde, du gav os.<\/em><\/p>\n<p><strong>Ida Setterberg:\u00a0<\/strong><em>Christina synger, s\u00e5 det kan m\u00e6rkes med hjertet! Hun sang til min venindes bryllup i august . V\u00e6lg jeres yndlingssang, og hun fylder rummet ud med ord og toner, der rammer plet hver gang .<\/em><\/p>\n<p><strong>Lise Christensen:<\/strong><em>\u00a0Tusind tak for din smukke sang! Din flotte sang var med til at g\u00f8re vielsen meget personlig og smuk. Du fik mange rosende ord fra g\u00e6sterne efterf\u00f8lgende.<\/em><\/p>\n<p><strong>Lonni Piilgaard:\u00a0<\/strong><em>Den lykkeligste dag i vores liv vil vi aldrig glemme. Jeg havde hyret Christina til at synge &#8220;vores&#8221; sang for min mand, lige efter vi havde sagt ja. Det kom bag p\u00e5 ham og alle g\u00e6sterne, og ikke et \u00f8je var t\u00f8rt. Christinas stemme l\u00f8ftede n\u00e6sten taget p\u00e5 kirken, og det var en oplevelse, der rejste alle de sm\u00e5 h\u00e5r i nakken. Du synger himmelsk, og jeg ville \u00f8nske vi kunne h\u00f8re dig synge netop den sang igen og igen. Du sad der p\u00e5 din plads som aftalt, og det lettede den i forvejen stressede dag, at vi havde aftalt alt p\u00e5 forh\u00e5nd. Tak for det<\/em>.<\/p>\n<p><strong>Lena Frier Kristiansen: <\/strong><em>D<\/em><em>u sang til mit bryllup, og jeg blev s\u00e5 r\u00f8rt, da du sang i kirken med din st\u00e6rke og samtidig blide stemme. Du har virkelig v\u00e6ret med til at give os et minde for livet.<\/em><\/p>\n<p><b>Thomas Behrend \u00d8lgaard:\u00a0<\/b><em>Tusind tak for en rigtig smuk sang til vores bryllup. Professionelt udf\u00f8rt og fyldt med personlighed. Du l\u00f8ftede oplevelsen omkring vores vielse til et h\u00f8jere niveau, og vi t\u00e6nker ofte tilbage p\u00e5 dagen og dette smukke \u00f8jeblik.<\/em><\/p>\n<p><strong>Thomas Gulmann:<\/strong><span style=\"font-weight: 300;\">\u00a0<em>Jeg<\/em><em>\u00a0vil sige tak for en fantastisk sang. Den gik lige i hjertet p\u00e5 min brud, og hold da op du synger godt. Tak.\u00a0<\/em><\/span><\/p>\n<div><strong>Kirsten og David Gress:<\/strong><\/div>\n<div><em>TUSIND TAK for din smukke sang i kirken, det var til stor gl\u00e6de for os og vores g\u00e6ster!<\/em><\/div>\n<div><\/div>\n<div><strong>Simon Koefoed, sognepr\u00e6st:<\/strong><\/div>\n<div><em>Christinas sang gav g\u00e6sterne i kirken ved \u00e5rets konfirmationer en helt s\u00e6rlig og r\u00f8rende oplevelse. Hun er en dygtig performer og sangteknisk st\u00e6rk, med stor sikkerhed og overskud i fraseringerne. Man m\u00e6rker hendes gl\u00e6de ved at synge, og man kan derfor roligt nyde hendes stemme, n\u00e5r den fylder rummet.<\/em><\/div>\n<p>&nbsp;<\/p>\n<p><em><span data-reactid=\".8t.1:3:1:$comment10152982303990266_10152983098630266:0.0.$right.0.$left.0.0.1:$comment-body.0.$end:0:$2:0\"><em>\u00a0<\/em>\u00a0 \u00a0 \u00a0 \u00a0 \u00a0 \u00a0 \u00a0 \u00a0 \u00a0 \u00a0 \u00a0 \u00a0 \u00a0 \u00a0 \u00a0 \u00a0 \u00a0 \u00a0 \u00a0 \u00a0 \u00a0 \u00a0 \u00a0 \u00a0 \u00a0 \u00a0 \u00a0 \u00a0 \u00a0 \u00a0 \u00a0 \u00a0 \u00a0 \u00a0 \u00a0 \u00a0 \u00a0 \u00a0 \u00a0 \u00a0 \u00a0 \u00a0 \u00a0 \u00a0 \u00a0 \u00a0 \u00a0 \u00a0 \u00a0 \u00a0 \u00a0 \u00a0 \u00a0 \u00a0 \u00a0\u00a0<\/span><\/em><\/p>\n<p>&nbsp;<\/p>\n<p>&nbsp;<\/p>\n","protected":false},"excerpt":{"rendered":"<p>Tanja Toft Haarup:\u00a0Din sang g\u00e5r lige i hjertet! I kirken, til Hanne og Mads&#8217; bryllup, var det sv\u00e6rt ikke at blive r\u00f8rt af din smukke sang. \u00a0 Camilla Beck Nielsen:\u00a0Din\u00a0sang til vores bryllup var uforglemmelig og smuk. Jeg bliver stadig &hellip; <a href=\"https:\/\/christinapg.dk\/?page_id=53\">Continue reading <span class=\"meta-nav\">&rarr;<\/span><\/a><\/p>\n","protected":false},"author":1,"featured_media":0,"parent":0,"menu_order":0,"comment_status":"closed","ping_status":"closed","template":"","meta":{"footnotes":""},"class_list":["post-53","page","type-page","status-publish","hentry"],"_links":{"self":[{"href":"https:\/\/christinapg.dk\/index.php?rest_route=\/wp\/v2\/pages\/53","targetHints":{"allow":["GET"]}}],"collection":[{"href":"https:\/\/christinapg.dk\/index.php?rest_route=\/wp\/v2\/pages"}],"about":[{"href":"https:\/\/christinapg.dk\/index.php?rest_route=\/wp\/v2\/types\/page"}],"author":[{"embeddable":true,"href":"https:\/\/christinapg.dk\/index.php?rest_route=\/wp\/v2\/users\/1"}],"replies":[{"embeddable":true,"href":"https:\/\/christinapg.dk\/index.php?rest_route=%2Fwp%2Fv2%2Fcomments&post=53"}],"version-history":[{"count":0,"href":"https:\/\/christinapg.dk\/index.php?rest_route=\/wp\/v2\/pages\/53\/revisions"}],"wp:attachment":[{"href":"https:\/\/christinapg.dk\/index.php?rest_route=%2Fwp%2Fv2%2Fmedia&parent=53"}],"curies":[{"name":"wp","href":"https:\/\/api.w.org\/{rel}","templated":true}]}}